{"id":17,"date":"2021-06-08T14:03:07","date_gmt":"2021-06-08T17:03:07","guid":{"rendered":"http:\/\/contabilidadelaracerqueira.com.br\/?page_id=17"},"modified":"2022-09-01T17:36:00","modified_gmt":"2022-09-01T20:36:00","slug":"contato","status":"publish","type":"page","link":"https:\/\/contabilidadelaracerqueira.com.br\/?page_id=17","title":{"rendered":"Contato"},"content":{"rendered":"\n<div class=\"wp-container-3 wp-block-columns\">\n<div class=\"wp-container-1 wp-block-column\" style=\"flex-basis:66.66%\">\n<p>Telefone: (11) 92011-1599<\/p>\n<p>E-mail: adm@contabilidadelaracerqueira.com.br<\/p>\n<p>Rua Dr. Fel\u00edcio Laurito, 94 &#8211; Sala 05 &#8211; Centro &#8211; S\u00e3o Bernardo do Campo &#8211; SP<\/p>\n<p>Ou preencha o formul\u00e1rio abaixo e entraremos em contato.<\/p>\n\n\n<div class=\"wpforms-container wpforms-container-full\" id=\"wpforms-50\"><form id=\"wpforms-form-50\" class=\"wpforms-validate wpforms-form\" data-formid=\"50\" method=\"post\" enctype=\"multipart\/form-data\" action=\"\/index.php?rest_route=%2Fwp%2Fv2%2Fpages%2F17\" data-token=\"afaafb82fbd913ebcfb01ab8e1f39f4e\"><noscript class=\"wpforms-error-noscript\">Please enable JavaScript in your browser to complete this form.<\/noscript><div class=\"wpforms-field-container\"><div id=\"wpforms-50-field_0-container\" class=\"wpforms-field wpforms-field-name\" data-field-id=\"0\"><label class=\"wpforms-field-label\" for=\"wpforms-50-field_0\">Nome <span class=\"wpforms-required-label\">*<\/span><\/label><div class=\"wpforms-field-row wpforms-field-medium\"><div class=\"wpforms-field-row-block wpforms-first wpforms-one-half\"><input type=\"text\" id=\"wpforms-50-field_0\" class=\"wpforms-field-name-first wpforms-field-required\" name=\"wpforms[fields][0][first]\" required><label for=\"wpforms-50-field_0\" class=\"wpforms-field-sublabel after \">First<\/label><\/div><div class=\"wpforms-field-row-block wpforms-one-half\"><input type=\"text\" id=\"wpforms-50-field_0-last\" class=\"wpforms-field-name-last wpforms-field-required\" name=\"wpforms[fields][0][last]\" required><label for=\"wpforms-50-field_0-last\" class=\"wpforms-field-sublabel after \">Last<\/label><\/div><\/div><\/div><div id=\"wpforms-50-field_3-container\" class=\"wpforms-field wpforms-field-number\" data-field-id=\"3\"><label class=\"wpforms-field-label\" for=\"wpforms-50-field_3\">Telefone <span class=\"wpforms-required-label\">*<\/span><\/label><input type=\"number\" pattern=\"\\d*\" id=\"wpforms-50-field_3\" class=\"wpforms-field-medium wpforms-field-required\" name=\"wpforms[fields][3]\" required><\/div><div id=\"wpforms-50-field_1-container\" class=\"wpforms-field wpforms-field-email\" data-field-id=\"1\"><label class=\"wpforms-field-label\" for=\"wpforms-50-field_1\">E-mail <span class=\"wpforms-required-label\">*<\/span><\/label><input type=\"email\" id=\"wpforms-50-field_1\" class=\"wpforms-field-medium wpforms-field-required\" name=\"wpforms[fields][1]\" required><\/div><div id=\"wpforms-50-field_4-container\" class=\"wpforms-field wpforms-field-select wpforms-field-select-style-classic\" data-field-id=\"4\"><label class=\"wpforms-field-label\" for=\"wpforms-50-field_4\">Selecione uma op\u00e7\u00e3o <span class=\"wpforms-required-label\">*<\/span><\/label><select id=\"wpforms-50-field_4\" class=\"wpforms-field-medium wpforms-field-required\" name=\"wpforms[fields][4]\" required=\"required\"><option value=\"Quero abrir uma empresa\" >Quero abrir uma empresa<\/option><option value=\"J\u00e1 tenho empresa (Or\u00e7amento para presta\u00e7\u00e3o de servi\u00e7o)\" >J\u00e1 tenho empresa (Or\u00e7amento para presta\u00e7\u00e3o de servi\u00e7o)<\/option><option value=\"Outros\" >Outros<\/option><\/select><\/div><div id=\"wpforms-50-field_2-container\" class=\"wpforms-field wpforms-field-textarea\" data-field-id=\"2\"><label class=\"wpforms-field-label\" for=\"wpforms-50-field_2\">Coment\u00e1rio ou Mensagem <span class=\"wpforms-required-label\">*<\/span><\/label><textarea id=\"wpforms-50-field_2\" class=\"wpforms-field-medium wpforms-field-required\" name=\"wpforms[fields][2]\" required><\/textarea><\/div><\/div><div class=\"wpforms-submit-container\"><input type=\"hidden\" name=\"wpforms[id]\" value=\"50\"><input type=\"hidden\" name=\"wpforms[author]\" value=\"1\"><button type=\"submit\" name=\"wpforms[submit]\" id=\"wpforms-submit-50\" class=\"wpforms-submit\" data-alt-text=\"Enviando...\" data-submit-text=\"Enviar\" aria-live=\"assertive\" value=\"wpforms-submit\">Enviar<\/button><\/div><\/form><\/div>  <!-- .wpforms-container --><\/div>\n\n\n\n<div class=\"wp-container-2 wp-block-column\" style=\"flex-basis:33.33%\">\n<iframe src=\"https:\/\/www.google.com\/maps\/embed?pb=!4v1623939915067!6m8!1m7!1skr0QJBhmhTQyony3hSVsVg!2m2!1d-23.70240388586104!2d-46.5542058327521!3f299.1800096651709!4f5.5508356189671275!5f3.319524741827724\" width=\"600\" height=\"450\" style=\"border:0;\" allowfullscreen=\"\" loading=\"lazy\"><\/iframe>\n\n\n\n<iframe src=\"https:\/\/www.google.com\/maps\/embed?pb=!1m18!1m12!1m3!1d3653.2630580351033!2d-46.556578685380316!3d-23.70229447269611!2m3!1f0!2f0!3f0!3m2!1i1024!2i768!4f13.1!3m3!1m2!1s0x94ce422d4ed0403d%3A0x83bb7dd1ab2ad3c3!2sR.%20Dr.%20Fel%C3%ADcio%20Laurito%2C%2094%20-%20Jardim%20Olavo%20Bilac%2C%20S%C3%A3o%20Bernardo%20do%20Campo%20-%20SP%2C%2009725-840!5e0!3m2!1spt-BR!2sbr!4v1623940071450!5m2!1spt-BR!2sbr\" width=\"600\" height=\"450\" style=\"border:0;\" allowfullscreen=\"\" loading=\"lazy\"><\/iframe>\n<\/div>\n<\/div>\n\n\n\n<script src=\"\/\/code.jivosite.com\/widget\/rWut5899YG\" async><\/script>\n","protected":false},"excerpt":{"rendered":"<p>Telefone: (11) 92011-1599 E-mail: adm@contabilidadelaracerqueira.com.br Rua Dr. Fel\u00edcio Laurito, 94 &#8211; Sala 05 &#8211; Centro &#8211; S\u00e3o Bernardo do Campo &#8211; SP Ou preencha o formul\u00e1rio abaixo e entraremos em contato.<\/p>\n","protected":false},"author":1,"featured_media":0,"parent":0,"menu_order":0,"comment_status":"closed","ping_status":"closed","template":"","meta":{"om_disable_all_campaigns":false,"_monsterinsights_skip_tracking":false,"_monsterinsights_sitenote_active":false,"_monsterinsights_sitenote_note":"","_monsterinsights_sitenote_category":0},"aioseo_notices":[],"_links":{"self":[{"href":"https:\/\/contabilidadelaracerqueira.com.br\/index.php?rest_route=\/wp\/v2\/pages\/17"}],"collection":[{"href":"https:\/\/contabilidadelaracerqueira.com.br\/index.php?rest_route=\/wp\/v2\/pages"}],"about":[{"href":"https:\/\/contabilidadelaracerqueira.com.br\/index.php?rest_route=\/wp\/v2\/types\/page"}],"author":[{"embeddable":true,"href":"https:\/\/contabilidadelaracerqueira.com.br\/index.php?rest_route=\/wp\/v2\/users\/1"}],"replies":[{"embeddable":true,"href":"https:\/\/contabilidadelaracerqueira.com.br\/index.php?rest_route=%2Fwp%2Fv2%2Fcomments&post=17"}],"version-history":[{"count":4,"href":"https:\/\/contabilidadelaracerqueira.com.br\/index.php?rest_route=\/wp\/v2\/pages\/17\/revisions"}],"predecessor-version":[{"id":347,"href":"https:\/\/contabilidadelaracerqueira.com.br\/index.php?rest_route=\/wp\/v2\/pages\/17\/revisions\/347"}],"wp:attachment":[{"href":"https:\/\/contabilidadelaracerqueira.com.br\/index.php?rest_route=%2Fwp%2Fv2%2Fmedia&parent=17"}],"curies":[{"name":"wp","href":"https:\/\/api.w.org\/{rel}","templated":true}]}}